{"id":231,"date":"2024-11-10T23:17:33","date_gmt":"2024-11-10T23:17:33","guid":{"rendered":"https:\/\/northconsulting.is\/?page_id=231"},"modified":"2024-11-23T21:37:44","modified_gmt":"2024-11-23T21:37:44","slug":"resources","status":"publish","type":"page","link":"https:\/\/northconsulting.is\/en\/resources\/","title":{"rendered":"Blogg"},"content":{"rendered":"<div class=\"wp-block-query alignfull is-layout-flow wp-block-query-is-layout-flow\">\n<div class=\"wp-block-group alignwide has-tertiary-background-color has-background has-global-padding is-layout-constrained wp-block-group-is-layout-constrained\" style=\"padding-top:var(--wp--preset--spacing--xx-large);padding-bottom:var(--wp--preset--spacing--xx-large)\"><ul class=\"columns-2 alignwide wp-block-post-template is-layout-grid wp-container-core-post-template-is-layout-1 wp-block-post-template-is-layout-grid\"><li class=\"wp-block-post post-2147 post type-post status-publish format-standard hentry category-oflokkad tag-erasmus tag-resilience tag-wellbeing tag-youth tag-youth-workers\">\n\n<div class=\"wp-block-group has-base-background-color has-background is-vertical is-layout-flex wp-container-core-group-is-layout-5 wp-block-group-is-layout-flex\" style=\"border-radius:5px;padding-top:var(--wp--preset--spacing--large);padding-right:var(--wp--preset--spacing--large);padding-bottom:var(--wp--preset--spacing--large);padding-left:var(--wp--preset--spacing--large)\">\n<div class=\"wp-block-group has-global-padding is-layout-constrained wp-container-core-group-is-layout-3 wp-block-group-is-layout-constrained\">\n\n\n<div class=\"wp-block-group has-secondary-color has-text-color has-link-color has-x-small-font-size wp-elements-6eafd7863dec0e695f763d98e9deeaec is-content-justification-left is-layout-flex wp-container-core-group-is-layout-1 wp-block-group-is-layout-flex\" style=\"margin-top:1.5rem\"><div class=\"wp-block-post-author\"><div class=\"wp-block-post-author__content\"><p class=\"wp-block-post-author__name\">Mar\u00eda Krist\u00edn Gylfad\u00f3ttir<\/p><\/div><\/div>\n\n\n<p>\u00b7<\/p>\n\n\n<div class=\"wp-block-post-date\"><time datetime=\"2025-03-31T13:03:15+00:00\">31. March, 2025<\/time><\/div><\/div>\n\n\n\n<div class=\"wp-block-group is-vertical is-content-justification-left is-layout-flex wp-container-core-group-is-layout-2 wp-block-group-is-layout-flex\"><h2 class=\"wp-block-post-title has-medium-font-size\"><a href=\"https:\/\/northconsulting.is\/en\/empoweryouth-strengthening-youth-resilience-and-mental-wellbeing-across-europe\/\" target=\"_self\" >EmpowerYOUth: Strengthening Youth Resilience and Mental Wellbeing Across Europe<\/a><\/h2>\n\n<div class=\"has-link-color is-style-excerpt-truncate-3 wp-elements-ab0baeac97ffa2667e1c7e559cf4524b wp-block-post-excerpt has-small-font-size\"><p class=\"wp-block-post-excerpt__excerpt\">EmpowerYOUth: Enhancing Youth Mental Wellbeing is an Erasmus+ funded project designed to equip youth workers with the skills and competencies needed to support the wellbeing and resilience of students aged [&hellip;] <\/p><\/div><\/div>\n<\/div>\n\n\n\n<div class=\"wp-block-group is-content-justification-space-between is-layout-flex wp-container-core-group-is-layout-4 wp-block-group-is-layout-flex\"><div class=\"taxonomy-category has-link-color wp-elements-e7dad87e9e5da63cd9793bcf3f7690de wp-block-post-terms has-text-color has-primary-color has-x-small-font-size\"><a href=\"https:\/\/northconsulting.is\/en\/category\/oflokkad\/\" rel=\"tag\">\u00d3flokka\u00f0<\/a><\/div><\/div>\n<\/div>\n\n<\/li><li class=\"wp-block-post post-1985 post type-post status-publish format-standard has-post-thumbnail hentry category-fraedsla\">\n\n<div class=\"wp-block-group has-base-background-color has-background is-vertical is-layout-flex wp-container-core-group-is-layout-10 wp-block-group-is-layout-flex\" style=\"border-radius:5px;padding-top:var(--wp--preset--spacing--large);padding-right:var(--wp--preset--spacing--large);padding-bottom:var(--wp--preset--spacing--large);padding-left:var(--wp--preset--spacing--large)\">\n<div class=\"wp-block-group has-global-padding is-layout-constrained wp-container-core-group-is-layout-8 wp-block-group-is-layout-constrained\"><figure style=\"height:300px;\" class=\"wp-block-post-featured-image\"><a href=\"https:\/\/northconsulting.is\/en\/mikid-innra-ferdalag-opnar-a-nyjar-paelingar-og-sjonarhorn-lif-sem-er-lifsins-virdi-namskeidid-fra-sjonarholi-fjogurra-thatttakenda\/\" target=\"_self\"  style=\"height:300px\"><img loading=\"lazy\" decoding=\"async\" width=\"640\" height=\"480\" src=\"https:\/\/northconsulting.is\/wp-content\/uploads\/2025\/01\/Dalalif3.jpg\" class=\"attachment-post-thumbnail size-post-thumbnail wp-post-image\" alt=\"Miki\u00f0 innra fer\u00f0alag: &#8222;Opnar \u00e1 n\u00fdjar p\u00e6lingar og sj\u00f3narhorn&#8220;\" style=\"border-radius:5px;height:300px;object-fit:cover;\" srcset=\"https:\/\/northconsulting.is\/wp-content\/uploads\/2025\/01\/Dalalif3.jpg 640w, https:\/\/northconsulting.is\/wp-content\/uploads\/2025\/01\/Dalalif3-300x225.jpg 300w, https:\/\/northconsulting.is\/wp-content\/uploads\/2025\/01\/Dalalif3-16x12.jpg 16w\" sizes=\"auto, (max-width: 640px) 100vw, 640px\" \/><\/a><\/figure>\n\n\n<div class=\"wp-block-group has-secondary-color has-text-color has-link-color has-x-small-font-size wp-elements-6eafd7863dec0e695f763d98e9deeaec is-content-justification-left is-layout-flex wp-container-core-group-is-layout-6 wp-block-group-is-layout-flex\" style=\"margin-top:1.5rem\"><div class=\"wp-block-post-author\"><div class=\"wp-block-post-author__content\"><p class=\"wp-block-post-author__name\">Mar\u00eda Krist\u00edn Gylfad\u00f3ttir<\/p><\/div><\/div>\n\n\n<p>\u00b7<\/p>\n\n\n<div class=\"wp-block-post-date\"><time datetime=\"2025-01-21T10:46:05+00:00\">21. January, 2025<\/time><\/div><\/div>\n\n\n\n<div class=\"wp-block-group is-vertical is-content-justification-left is-layout-flex wp-container-core-group-is-layout-7 wp-block-group-is-layout-flex\"><h2 class=\"wp-block-post-title has-medium-font-size\"><a href=\"https:\/\/northconsulting.is\/en\/mikid-innra-ferdalag-opnar-a-nyjar-paelingar-og-sjonarhorn-lif-sem-er-lifsins-virdi-namskeidid-fra-sjonarholi-fjogurra-thatttakenda\/\" target=\"_self\" >Miki\u00f0 innra fer\u00f0alag: &#8222;Opnar \u00e1 n\u00fdjar p\u00e6lingar og sj\u00f3narhorn&#8220;<\/a><\/h2>\n\n<div class=\"has-link-color is-style-excerpt-truncate-3 wp-elements-ab0baeac97ffa2667e1c7e559cf4524b wp-block-post-excerpt has-small-font-size\"><p class=\"wp-block-post-excerpt__excerpt\">L\u00edf sem er l\u00edfsins vir\u00f0i n\u00e1mskei\u00f0i\u00f0 fr\u00e1 sj\u00f3narh\u00f3li fj\u00f6gurra \u00fe\u00e1tttakenda Fr\u00e1 jan\u00faar til okt\u00f3ber 2024 t\u00f3ku 12 kennarar og sk\u00f3lastj\u00f3rnendur \u00ed grunnsk\u00f3lum v\u00ed\u00f0s vegar um landi\u00f0 \u00fe\u00e1tt \u00ed tilraunakennslu \u00e1 [&hellip;] <\/p><\/div><\/div>\n<\/div>\n\n\n\n<div class=\"wp-block-group is-content-justification-space-between is-layout-flex wp-container-core-group-is-layout-9 wp-block-group-is-layout-flex\"><div class=\"taxonomy-category has-link-color wp-elements-e7dad87e9e5da63cd9793bcf3f7690de wp-block-post-terms has-text-color has-primary-color has-x-small-font-size\"><a href=\"https:\/\/northconsulting.is\/en\/category\/fraedsla\/\" rel=\"tag\">Insights<\/a><\/div><\/div>\n<\/div>\n\n<\/li><li class=\"wp-block-post post-1961 post type-post status-publish format-standard has-post-thumbnail hentry category-oflokkad\">\n\n<div class=\"wp-block-group has-base-background-color has-background is-vertical is-layout-flex wp-container-core-group-is-layout-15 wp-block-group-is-layout-flex\" style=\"border-radius:5px;padding-top:var(--wp--preset--spacing--large);padding-right:var(--wp--preset--spacing--large);padding-bottom:var(--wp--preset--spacing--large);padding-left:var(--wp--preset--spacing--large)\">\n<div class=\"wp-block-group has-global-padding is-layout-constrained wp-container-core-group-is-layout-13 wp-block-group-is-layout-constrained\"><figure style=\"height:300px;\" class=\"wp-block-post-featured-image\"><a href=\"https:\/\/northconsulting.is\/en\/life\/\" target=\"_self\"  style=\"height:300px\"><img loading=\"lazy\" decoding=\"async\" width=\"1638\" height=\"921\" src=\"https:\/\/northconsulting.is\/wp-content\/uploads\/2025\/01\/19090310_SkalakotHotel-1833-edited.jpg\" class=\"attachment-post-thumbnail size-post-thumbnail wp-post-image\" alt=\"LIFE Personal Development Retreat\" style=\"border-radius:5px;height:300px;object-fit:cover;\" srcset=\"https:\/\/northconsulting.is\/wp-content\/uploads\/2025\/01\/19090310_SkalakotHotel-1833-edited.jpg 1638w, https:\/\/northconsulting.is\/wp-content\/uploads\/2025\/01\/19090310_SkalakotHotel-1833-edited-300x169.jpg 300w, https:\/\/northconsulting.is\/wp-content\/uploads\/2025\/01\/19090310_SkalakotHotel-1833-edited-1024x576.jpg 1024w, https:\/\/northconsulting.is\/wp-content\/uploads\/2025\/01\/19090310_SkalakotHotel-1833-edited-768x432.jpg 768w, https:\/\/northconsulting.is\/wp-content\/uploads\/2025\/01\/19090310_SkalakotHotel-1833-edited-1536x864.jpg 1536w, https:\/\/northconsulting.is\/wp-content\/uploads\/2025\/01\/19090310_SkalakotHotel-1833-edited-18x10.jpg 18w\" sizes=\"auto, (max-width: 1638px) 100vw, 1638px\" \/><\/a><\/figure>\n\n\n<div class=\"wp-block-group has-secondary-color has-text-color has-link-color has-x-small-font-size wp-elements-6eafd7863dec0e695f763d98e9deeaec is-content-justification-left is-layout-flex wp-container-core-group-is-layout-11 wp-block-group-is-layout-flex\" style=\"margin-top:1.5rem\"><div class=\"wp-block-post-author\"><div class=\"wp-block-post-author__content\"><p class=\"wp-block-post-author__name\">Mar\u00eda Krist\u00edn Gylfad\u00f3ttir<\/p><\/div><\/div>\n\n\n<p>\u00b7<\/p>\n\n\n<div class=\"wp-block-post-date\"><time datetime=\"2025-01-07T09:20:32+00:00\">7. January, 2025<\/time><\/div><\/div>\n\n\n\n<div class=\"wp-block-group is-vertical is-content-justification-left is-layout-flex wp-container-core-group-is-layout-12 wp-block-group-is-layout-flex\"><h2 class=\"wp-block-post-title has-medium-font-size\"><a href=\"https:\/\/northconsulting.is\/en\/life\/\" target=\"_self\" >LIFE Personal Development Retreat<\/a><\/h2>\n\n<div class=\"has-link-color is-style-excerpt-truncate-3 wp-elements-ab0baeac97ffa2667e1c7e559cf4524b wp-block-post-excerpt has-small-font-size\"><p class=\"wp-block-post-excerpt__excerpt\">Are you ready to embark on a journey of transformation, reflection, and renewal? The LIFE Personal Development Retreat is your opportunity to pause, reconnect with your purpose, and redefine what [&hellip;] <\/p><\/div><\/div>\n<\/div>\n\n\n\n<div class=\"wp-block-group is-content-justification-space-between is-layout-flex wp-container-core-group-is-layout-14 wp-block-group-is-layout-flex\"><div class=\"taxonomy-category has-link-color wp-elements-e7dad87e9e5da63cd9793bcf3f7690de wp-block-post-terms has-text-color has-primary-color has-x-small-font-size\"><a href=\"https:\/\/northconsulting.is\/en\/category\/oflokkad\/\" rel=\"tag\">\u00d3flokka\u00f0<\/a><\/div><\/div>\n<\/div>\n\n<\/li><li class=\"wp-block-post post-1588 post type-post status-publish format-standard has-post-thumbnail hentry category-frettir\">\n\n<div class=\"wp-block-group has-base-background-color has-background is-vertical is-layout-flex wp-container-core-group-is-layout-20 wp-block-group-is-layout-flex\" style=\"border-radius:5px;padding-top:var(--wp--preset--spacing--large);padding-right:var(--wp--preset--spacing--large);padding-bottom:var(--wp--preset--spacing--large);padding-left:var(--wp--preset--spacing--large)\">\n<div class=\"wp-block-group has-global-padding is-layout-constrained wp-container-core-group-is-layout-18 wp-block-group-is-layout-constrained\"><figure style=\"height:300px;\" class=\"wp-block-post-featured-image\"><a href=\"https:\/\/northconsulting.is\/en\/vantar-thig-tilgang-og-merkingu-i-lifid-thitt-fadu-okkur-i-heimsokn-og-laerdu-meira-i-lif-sem-er-lifsins-virdi-nalgunina\/\" target=\"_self\"  style=\"height:300px\"><img loading=\"lazy\" decoding=\"async\" width=\"1929\" height=\"1920\" src=\"https:\/\/northconsulting.is\/wp-content\/uploads\/2024\/12\/Asset-13JPG.jpg\" class=\"attachment-post-thumbnail size-post-thumbnail wp-post-image\" alt=\"Vantar \u00feig tilgang og merkingu \u00ed l\u00edfi\u00f0 \u00feitt?  F\u00e1\u00f0u okkur \u00ed heims\u00f3kn og l\u00e6r\u00f0u meira \u00ed L\u00edf sem er l\u00edfsins vir\u00f0i n\u00e1lgunina.\" style=\"border-radius:5px;height:300px;object-fit:cover;\" srcset=\"https:\/\/northconsulting.is\/wp-content\/uploads\/2024\/12\/Asset-13JPG.jpg 1929w, https:\/\/northconsulting.is\/wp-content\/uploads\/2024\/12\/Asset-13JPG-300x300.jpg 300w, https:\/\/northconsulting.is\/wp-content\/uploads\/2024\/12\/Asset-13JPG-1024x1019.jpg 1024w, https:\/\/northconsulting.is\/wp-content\/uploads\/2024\/12\/Asset-13JPG-150x150.jpg 150w, https:\/\/northconsulting.is\/wp-content\/uploads\/2024\/12\/Asset-13JPG-768x764.jpg 768w, https:\/\/northconsulting.is\/wp-content\/uploads\/2024\/12\/Asset-13JPG-1536x1529.jpg 1536w\" sizes=\"auto, (max-width: 1929px) 100vw, 1929px\" \/><\/a><\/figure>\n\n\n<div class=\"wp-block-group has-secondary-color has-text-color has-link-color has-x-small-font-size wp-elements-6eafd7863dec0e695f763d98e9deeaec is-content-justification-left is-layout-flex wp-container-core-group-is-layout-16 wp-block-group-is-layout-flex\" style=\"margin-top:1.5rem\"><div class=\"wp-block-post-author\"><div class=\"wp-block-post-author__content\"><p class=\"wp-block-post-author__name\">Mar\u00eda Krist\u00edn Gylfad\u00f3ttir<\/p><\/div><\/div>\n\n\n<p>\u00b7<\/p>\n\n\n<div class=\"wp-block-post-date\"><time datetime=\"2024-12-11T13:02:20+00:00\">11. December, 2024<\/time><\/div><\/div>\n\n\n\n<div class=\"wp-block-group is-vertical is-content-justification-left is-layout-flex wp-container-core-group-is-layout-17 wp-block-group-is-layout-flex\"><h2 class=\"wp-block-post-title has-medium-font-size\"><a href=\"https:\/\/northconsulting.is\/en\/vantar-thig-tilgang-og-merkingu-i-lifid-thitt-fadu-okkur-i-heimsokn-og-laerdu-meira-i-lif-sem-er-lifsins-virdi-nalgunina\/\" target=\"_self\" >Vantar \u00feig tilgang og merkingu \u00ed l\u00edfi\u00f0 \u00feitt?  F\u00e1\u00f0u okkur \u00ed heims\u00f3kn og l\u00e6r\u00f0u meira \u00ed L\u00edf sem er l\u00edfsins vir\u00f0i n\u00e1lgunina.<\/a><\/h2>\n\n<div class=\"has-link-color is-style-excerpt-truncate-3 wp-elements-ab0baeac97ffa2667e1c7e559cf4524b wp-block-post-excerpt has-small-font-size\"><p class=\"wp-block-post-excerpt__excerpt\">S\u00ed\u00f0astli\u00f0in tv\u00f6 \u00e1r hafa menntav\u00edsindasvi\u00f0 H\u00e1sk\u00f3la \u00cdslands og menntafyrirt\u00e6ki\u00f0 NORTH Consulting leitt al\u00fej\u00f3\u00f0leg verkefni sem kallast&nbsp; \u201eL\u00edf sem er l\u00edfsins vir\u00f0i: a\u00f0 hugsa um kennara og sk\u00f3lastj\u00f3rnendur\u201c \u00fear sem 60 [&hellip;] <\/p><\/div><\/div>\n<\/div>\n\n\n\n<div class=\"wp-block-group is-content-justification-space-between is-layout-flex wp-container-core-group-is-layout-19 wp-block-group-is-layout-flex\"><div class=\"taxonomy-category has-link-color wp-elements-e7dad87e9e5da63cd9793bcf3f7690de wp-block-post-terms has-text-color has-primary-color has-x-small-font-size\"><a href=\"https:\/\/northconsulting.is\/en\/category\/frettir\/\" rel=\"tag\">News<\/a><\/div><\/div>\n<\/div>\n\n<\/li><li class=\"wp-block-post post-1096 post type-post status-publish format-standard has-post-thumbnail hentry category-fraedsla\">\n\n<div class=\"wp-block-group has-base-background-color has-background is-vertical is-layout-flex wp-container-core-group-is-layout-25 wp-block-group-is-layout-flex\" style=\"border-radius:5px;padding-top:var(--wp--preset--spacing--large);padding-right:var(--wp--preset--spacing--large);padding-bottom:var(--wp--preset--spacing--large);padding-left:var(--wp--preset--spacing--large)\">\n<div class=\"wp-block-group has-global-padding is-layout-constrained wp-container-core-group-is-layout-23 wp-block-group-is-layout-constrained\"><figure style=\"height:300px;\" class=\"wp-block-post-featured-image\"><a href=\"https:\/\/northconsulting.is\/en\/ikigai-ad-finna-tilgang-i-lifinu\/\" target=\"_self\"  style=\"height:300px\"><img loading=\"lazy\" decoding=\"async\" width=\"440\" height=\"300\" src=\"https:\/\/northconsulting.is\/wp-content\/uploads\/2024\/12\/Untitled-design-4.svg\" class=\"attachment-post-thumbnail size-post-thumbnail wp-post-image\" alt=\"Ikigai \u2013 A\u00f0 finna tilgang \u00ed l\u00edfinu\" style=\"border-radius:5px;height:300px;object-fit:cover;\" \/><\/a><\/figure>\n\n\n<div class=\"wp-block-group has-secondary-color has-text-color has-link-color has-x-small-font-size wp-elements-6eafd7863dec0e695f763d98e9deeaec is-content-justification-left is-layout-flex wp-container-core-group-is-layout-21 wp-block-group-is-layout-flex\" style=\"margin-top:1.5rem\"><div class=\"wp-block-post-author\"><div class=\"wp-block-post-author__content\"><p class=\"wp-block-post-author__name\">Mar\u00eda Krist\u00edn Gylfad\u00f3ttir<\/p><\/div><\/div>\n\n\n<p>\u00b7<\/p>\n\n\n<div class=\"wp-block-post-date\"><time datetime=\"2024-12-06T16:14:59+00:00\">6. December, 2024<\/time><\/div><\/div>\n\n\n\n<div class=\"wp-block-group is-vertical is-content-justification-left is-layout-flex wp-container-core-group-is-layout-22 wp-block-group-is-layout-flex\"><h2 class=\"wp-block-post-title has-medium-font-size\"><a href=\"https:\/\/northconsulting.is\/en\/ikigai-ad-finna-tilgang-i-lifinu\/\" target=\"_self\" >Ikigai \u2013 A\u00f0 finna tilgang \u00ed l\u00edfinu<\/a><\/h2>\n\n<div class=\"has-link-color is-style-excerpt-truncate-3 wp-elements-ab0baeac97ffa2667e1c7e559cf4524b wp-block-post-excerpt has-small-font-size\"><p class=\"wp-block-post-excerpt__excerpt\">Ikigai&nbsp;er japanskt hugtak sem m\u00e1 lauslega \u00fe\u00fd\u00f0a sem \u201e\u00e1st\u00e6\u00f0a til a\u00f0 vakna \u00e1 morgnana.\u201c \u00deetta hugtak \u00e1 s\u00e9r dj\u00fapar r\u00e6tur \u00ed japanskri menningu og sn\u00fdst um a\u00f0 finna jafnv\u00e6gi milli [&hellip;] <\/p><\/div><\/div>\n<\/div>\n\n\n\n<div class=\"wp-block-group is-content-justification-space-between is-layout-flex wp-container-core-group-is-layout-24 wp-block-group-is-layout-flex\"><div class=\"taxonomy-category has-link-color wp-elements-e7dad87e9e5da63cd9793bcf3f7690de wp-block-post-terms has-text-color has-primary-color has-x-small-font-size\"><a href=\"https:\/\/northconsulting.is\/en\/category\/fraedsla\/\" rel=\"tag\">Insights<\/a><\/div><\/div>\n<\/div>\n\n<\/li><li class=\"wp-block-post post-1613 post type-post status-publish format-standard has-post-thumbnail hentry category-frettir\">\n\n<div class=\"wp-block-group has-base-background-color has-background is-vertical is-layout-flex wp-container-core-group-is-layout-30 wp-block-group-is-layout-flex\" style=\"border-radius:5px;padding-top:var(--wp--preset--spacing--large);padding-right:var(--wp--preset--spacing--large);padding-bottom:var(--wp--preset--spacing--large);padding-left:var(--wp--preset--spacing--large)\">\n<div class=\"wp-block-group has-global-padding is-layout-constrained wp-container-core-group-is-layout-28 wp-block-group-is-layout-constrained\"><figure style=\"height:300px;\" class=\"wp-block-post-featured-image\"><a href=\"https:\/\/northconsulting.is\/en\/rumenskt-safna-og-raduneytisfolk-i-sjo-daga-namsheimsokn-um-sagnahefd-a-islandi\/\" target=\"_self\"  style=\"height:300px\"><img loading=\"lazy\" decoding=\"async\" width=\"1\" height=\"1\" src=\"https:\/\/northconsulting.is\/wp-content\/uploads\/2024\/12\/Svart.svg\" class=\"attachment-post-thumbnail size-post-thumbnail wp-post-image\" alt=\"R\u00famenskt safna- og r\u00e1\u00f0uneytisf\u00f3lk \u00ed sj\u00f6 daga n\u00e1msheims\u00f3kn um sagnahef\u00f0 \u00e1 \u00cdslandi\" style=\"border-radius:5px;height:300px;object-fit:cover;\" \/><\/a><\/figure>\n\n\n<div class=\"wp-block-group has-secondary-color has-text-color has-link-color has-x-small-font-size wp-elements-6eafd7863dec0e695f763d98e9deeaec is-content-justification-left is-layout-flex wp-container-core-group-is-layout-26 wp-block-group-is-layout-flex\" style=\"margin-top:1.5rem\"><div class=\"wp-block-post-author\"><div class=\"wp-block-post-author__content\"><p class=\"wp-block-post-author__name\">Mar\u00eda Krist\u00edn Gylfad\u00f3ttir<\/p><\/div><\/div>\n\n\n<p>\u00b7<\/p>\n\n\n<div class=\"wp-block-post-date\"><time datetime=\"2024-11-08T12:03:39+00:00\">8. November, 2024<\/time><\/div><\/div>\n\n\n\n<div class=\"wp-block-group is-vertical is-content-justification-left is-layout-flex wp-container-core-group-is-layout-27 wp-block-group-is-layout-flex\"><h2 class=\"wp-block-post-title has-medium-font-size\"><a href=\"https:\/\/northconsulting.is\/en\/rumenskt-safna-og-raduneytisfolk-i-sjo-daga-namsheimsokn-um-sagnahefd-a-islandi\/\" target=\"_self\" >R\u00famenskt safna- og r\u00e1\u00f0uneytisf\u00f3lk \u00ed sj\u00f6 daga n\u00e1msheims\u00f3kn um sagnahef\u00f0 \u00e1 \u00cdslandi<\/a><\/h2>\n\n<div class=\"has-link-color is-style-excerpt-truncate-3 wp-elements-ab0baeac97ffa2667e1c7e559cf4524b wp-block-post-excerpt has-small-font-size\"><p class=\"wp-block-post-excerpt__excerpt\">NORTH Consulting skipulag\u00f0i \u00ed lok okt\u00f3ber og byrjun n\u00f3vember sj\u00f6 daga n\u00e1msheims\u00f3kn safnaf\u00f3lks og fulltr\u00faa menningarm\u00e1lar\u00e1\u00f0uneytis R\u00famen\u00edu. H\u00f3purinn, sem samanst\u00f3\u00f0 af forst\u00f6\u00f0uf\u00f3lki og safnstj\u00f3rum fr\u00e1 n\u00edu s\u00f6fnum v\u00ed\u00f0svegar a\u00f0 \u00ed [&hellip;] <\/p><\/div><\/div>\n<\/div>\n\n\n\n<div class=\"wp-block-group is-content-justification-space-between is-layout-flex wp-container-core-group-is-layout-29 wp-block-group-is-layout-flex\"><div class=\"taxonomy-category has-link-color wp-elements-e7dad87e9e5da63cd9793bcf3f7690de wp-block-post-terms has-text-color has-primary-color has-x-small-font-size\"><a href=\"https:\/\/northconsulting.is\/en\/category\/frettir\/\" rel=\"tag\">News<\/a><\/div><\/div>\n<\/div>\n\n<\/li><\/ul>\n\n\n<div class=\"wp-block-group alignwide has-global-padding is-layout-constrained wp-block-group-is-layout-constrained\" style=\"margin-top:var(--wp--preset--spacing--x-large)\"><nav class=\"alignwide wp-block-query-pagination is-content-justification-space-between is-layout-flex wp-container-core-query-pagination-is-layout-1 wp-block-query-pagination-is-layout-flex\" aria-label=\"Pagination\">\n\n\n<a href=\"\/en\/wp-json\/wp\/v2\/pages\/231?query-1-page=2\" class=\"is-style-default wp-block-query-pagination-next\">Next Page<\/a>\n<\/nav><\/div>\n<\/div>\n<\/div>\n\n\n\n<div class=\"wp-block-group has-global-padding is-layout-constrained wp-block-group-is-layout-constrained\"><\/div>","protected":false},"excerpt":{"rendered":"","protected":false},"author":1,"featured_media":0,"parent":0,"menu_order":0,"comment_status":"closed","ping_status":"closed","template":"blogg","meta":{"inline_featured_image":false,"_EventAllDay":false,"_EventTimezone":"","_EventStartDate":"","_EventEndDate":"","_EventStartDateUTC":"","_EventEndDateUTC":"","_EventShowMap":false,"_EventShowMapLink":false,"_EventURL":"","_EventCost":"","_EventCostDescription":"","_EventCurrencySymbol":"","_EventCurrencyCode":"","_EventCurrencyPosition":"","_EventDateTimeSeparator":"","_EventTimeRangeSeparator":"","_EventOrganizerID":[],"_EventVenueID":[],"_OrganizerEmail":"","_OrganizerPhone":"","_OrganizerWebsite":"","_VenueAddress":"","_VenueCity":"","_VenueCountry":"","_VenueProvince":"","_VenueState":"","_VenueZip":"","_VenuePhone":"","_VenueURL":"","_VenueStateProvince":"","_VenueLat":"","_VenueLng":"","_VenueShowMap":false,"_VenueShowMapLink":false,"_themeisle_gutenberg_block_has_review":false,"footnotes":""},"class_list":["post-231","page","type-page","status-publish","hentry"],"_links":{"self":[{"href":"https:\/\/northconsulting.is\/en\/wp-json\/wp\/v2\/pages\/231","targetHints":{"allow":["GET"]}}],"collection":[{"href":"https:\/\/northconsulting.is\/en\/wp-json\/wp\/v2\/pages"}],"about":[{"href":"https:\/\/northconsulting.is\/en\/wp-json\/wp\/v2\/types\/page"}],"author":[{"embeddable":true,"href":"https:\/\/northconsulting.is\/en\/wp-json\/wp\/v2\/users\/1"}],"replies":[{"embeddable":true,"href":"https:\/\/northconsulting.is\/en\/wp-json\/wp\/v2\/comments?post=231"}],"version-history":[{"count":3,"href":"https:\/\/northconsulting.is\/en\/wp-json\/wp\/v2\/pages\/231\/revisions"}],"predecessor-version":[{"id":448,"href":"https:\/\/northconsulting.is\/en\/wp-json\/wp\/v2\/pages\/231\/revisions\/448"}],"wp:attachment":[{"href":"https:\/\/northconsulting.is\/en\/wp-json\/wp\/v2\/media?parent=231"}],"curies":[{"name":"wp","href":"https:\/\/api.w.org\/{rel}","templated":true}]}}